{"id":820515,"date":"2024-02-21T08:30:03","date_gmt":"2024-02-21T14:30:03","guid":{"rendered":"https:\/\/schneblywinery.com\/bookings\/?post_type=product&#038;p=820515"},"modified":"2026-03-09T08:45:38","modified_gmt":"2026-03-09T13:45:38","slug":"wine-tasting-booking","status":"publish","type":"product","link":"https:\/\/schneblywinery.com\/bookings\/product\/wine-tasting-booking\/","title":{"rendered":"Wine Tasting Booking"},"content":{"rendered":"<h6><strong><span style=\"vertical-align: inherit;\"><span style=\"vertical-align: inherit;\"><span style=\"vertical-align: inherit;\"><span style=\"vertical-align: inherit;\">Propina no incluida<\/span><\/span><\/span><\/span><\/strong><\/h6>\n<p><span style=\"vertical-align: inherit;\"><span style=\"vertical-align: inherit;\"><span style=\"vertical-align: inherit;\"><span style=\"vertical-align: inherit;\">Los tours incluyen:<\/span><\/span><\/span><\/span><\/p>\n<p><span style=\"vertical-align: inherit;\"><span style=\"vertical-align: inherit;\"><span style=\"vertical-align: inherit;\"><span style=\"vertical-align: inherit;\">Un recorrido a pie de 30 a 45 minutos por la bodega Schnebly, donde lo llevaremos a trav\u00e9s de nuestra hermosa propiedad, compartiremos la historia de la familia y lo guiaremos a trav\u00e9s de todo el proceso de elaboraci\u00f3n del vino.<\/span><\/span><\/span><\/span><\/p>\n<p><span style=\"vertical-align: inherit;\"><span style=\"vertical-align: inherit;\"><span style=\"vertical-align: inherit;\"><span style=\"vertical-align: inherit;\">*Por favor, compre entradas para la fecha y hora en que estar\u00e1 de visita.*<\/span><\/span><\/span><\/span><\/p>\n<p><span style=\"vertical-align: inherit;\"><span style=\"vertical-align: inherit;\"><span style=\"vertical-align: inherit;\"><span style=\"vertical-align: inherit;\">**Los precios anteriores NO incluyen impuestos ni propina. Precios por persona.**<\/span><\/span><\/span><\/span><\/p>\n<p><span style=\"vertical-align: inherit;\"><span style=\"vertical-align: inherit;\"><span style=\"vertical-align: inherit;\"><span style=\"vertical-align: inherit;\">No se aplican gastos de env\u00edo. Aseg\u00farate de seleccionar &#8220;Recoger&#8221; al finalizar la compra.<\/span><\/span><\/span><\/span><\/p>\n<p><strong><span style=\"vertical-align: inherit;\"><span style=\"vertical-align: inherit;\"><span style=\"vertical-align: inherit;\"><span style=\"vertical-align: inherit;\">NO SE ADMITEN REEMBOLSOS NI CAMBIOS<\/span><\/span><\/span><\/span><\/strong><\/p>\n<p><span style=\"vertical-align: inherit;\"><span style=\"vertical-align: inherit;\"><span style=\"vertical-align: inherit;\"><span style=\"vertical-align: inherit;\">No se permiten alimentos ni bebidas del exterior.<\/span><\/span><\/span><\/span><\/p>\n<p><span style=\"vertical-align: inherit;\"><span style=\"vertical-align: inherit;\"><span style=\"vertical-align: inherit;\"><span style=\"vertical-align: inherit;\">Las reservas deben realizarse con al menos 24 horas de antelaci\u00f3n.<\/span><\/span><\/span><\/span><\/p>\n<p><span style=\"vertical-align: inherit;\"><span style=\"vertical-align: inherit;\"><span style=\"vertical-align: inherit;\"><span style=\"vertical-align: inherit;\">Se recomienda encarecidamente hacer reservas, de lo contrario, habr\u00e1 que esperar mucho tiempo.<\/span><\/span><\/span><\/span><\/p>\n","protected":false},"excerpt":{"rendered":"<h2><span style=\"vertical-align: inherit;\"><span style=\"vertical-align: inherit;\"><span style=\"vertical-align: inherit;\"><span style=\"vertical-align: inherit;\">$30 por persona<\/span><\/span><\/span><\/span><\/h2>\n","protected":false},"featured_media":797339,"comment_status":"closed","ping_status":"closed","template":"","meta":[],"product_brand":[],"product_cat":[31,26],"product_tag":[131,139,147],"class_list":{"0":"post-820515","1":"product","2":"type-product","3":"status-publish","4":"has-post-thumbnail","6":"product_cat-tours","7":"product_cat-wine-tasting-and-tours","8":"product_tag-saturxx","9":"product_tag-upsell","10":"product_tag-wtb","12":"first","13":"instock","14":"virtual","15":"taxable","16":"purchasable","17":"product-type-phive_booking"},"yoast_head":"<!-- This site is optimized with the Yoast SEO plugin v27.2 - https:\/\/yoast.com\/product\/yoast-seo-wordpress\/ -->\n<title>Wine Tasting Booking - Schnebly Winery Bookings<\/title>\n<meta name=\"description\" content=\"A 30-45 minute walking tour of Schnebly Winery, where we take you through our beautiful estate, share the history on the family, and take you through the whole wine making process.\" \/>\n<meta name=\"robots\" content=\"index, follow, max-snippet:-1, max-image-preview:large, max-video-preview:-1\" \/>\n<link rel=\"canonical\" href=\"https:\/\/schneblywinery.com\/bookings\/product\/wine-tasting-booking\/\" \/>\n<meta property=\"og:locale\" content=\"en_US\" \/>\n<meta property=\"og:type\" content=\"article\" \/>\n<meta property=\"og:title\" content=\"Wine Tasting Booking - Schnebly Winery Bookings\" \/>\n<meta property=\"og:description\" content=\"A 30-45 minute walking tour of Schnebly Winery, where we take you through our beautiful estate, share the history on the family, and take you through the whole wine making process.\" \/>\n<meta property=\"og:url\" content=\"https:\/\/schneblywinery.com\/bookings\/product\/wine-tasting-booking\/\" \/>\n<meta property=\"og:site_name\" content=\"Schnebly Winery Bookings\" \/>\n<meta property=\"article:modified_time\" content=\"2026-03-09T13:45:38+00:00\" \/>\n<meta property=\"og:image\" content=\"https:\/\/schneblywinery.com\/bookings\/wp-content\/uploads\/2022\/07\/tourandtaste-1.jpg\" \/>\n\t<meta property=\"og:image:width\" content=\"605\" \/>\n\t<meta property=\"og:image:height\" content=\"620\" \/>\n\t<meta property=\"og:image:type\" content=\"image\/jpeg\" \/>\n<meta name=\"twitter:card\" content=\"summary_large_image\" \/>\n<meta name=\"twitter:label1\" content=\"Est. reading time\" \/>\n\t<meta name=\"twitter:data1\" content=\"1 minute\" \/>\n<script type=\"application\/ld+json\" class=\"yoast-schema-graph\">{\"@context\":\"https:\/\/schema.org\",\"@graph\":[{\"@type\":\"WebPage\",\"@id\":\"https:\/\/schneblywinery.com\/bookings\/product\/wine-tasting-booking\/\",\"url\":\"https:\/\/schneblywinery.com\/bookings\/product\/wine-tasting-booking\/\",\"name\":\"Wine Tasting Booking - Schnebly Winery Bookings\",\"isPartOf\":{\"@id\":\"https:\/\/schneblywinery.com\/bookings\/#website\"},\"primaryImageOfPage\":{\"@id\":\"https:\/\/schneblywinery.com\/bookings\/product\/wine-tasting-booking\/#primaryimage\"},\"image\":{\"@id\":\"https:\/\/schneblywinery.com\/bookings\/product\/wine-tasting-booking\/#primaryimage\"},\"thumbnailUrl\":\"https:\/\/schneblywinery.com\/bookings\/wp-content\/uploads\/2022\/07\/tourandtaste-1.jpg\",\"datePublished\":\"2024-02-21T14:30:03+00:00\",\"dateModified\":\"2026-03-09T13:45:38+00:00\",\"description\":\"A 30-45 minute walking tour of Schnebly Winery, where we take you through our beautiful estate, share the history on the family, and take you through the whole wine making process.\",\"breadcrumb\":{\"@id\":\"https:\/\/schneblywinery.com\/bookings\/product\/wine-tasting-booking\/#breadcrumb\"},\"inLanguage\":\"en-US\",\"potentialAction\":[{\"@type\":\"ReadAction\",\"target\":[\"https:\/\/schneblywinery.com\/bookings\/product\/wine-tasting-booking\/\"]}]},{\"@type\":\"ImageObject\",\"inLanguage\":\"en-US\",\"@id\":\"https:\/\/schneblywinery.com\/bookings\/product\/wine-tasting-booking\/#primaryimage\",\"url\":\"https:\/\/schneblywinery.com\/bookings\/wp-content\/uploads\/2022\/07\/tourandtaste-1.jpg\",\"contentUrl\":\"https:\/\/schneblywinery.com\/bookings\/wp-content\/uploads\/2022\/07\/tourandtaste-1.jpg\",\"width\":605,\"height\":620},{\"@type\":\"BreadcrumbList\",\"@id\":\"https:\/\/schneblywinery.com\/bookings\/product\/wine-tasting-booking\/#breadcrumb\",\"itemListElement\":[{\"@type\":\"ListItem\",\"position\":1,\"name\":\"Home\",\"item\":\"https:\/\/schneblywinery.com\/bookings\/\"},{\"@type\":\"ListItem\",\"position\":2,\"name\":\"Shop\",\"item\":\"https:\/\/schneblywinery.com\/bookings\/shop\/\"},{\"@type\":\"ListItem\",\"position\":3,\"name\":\"Wine Tasting Booking\"}]},{\"@type\":\"WebSite\",\"@id\":\"https:\/\/schneblywinery.com\/bookings\/#website\",\"url\":\"https:\/\/schneblywinery.com\/bookings\/\",\"name\":\"Schnebly Winery Bookings\",\"description\":\"\",\"publisher\":{\"@id\":\"https:\/\/schneblywinery.com\/bookings\/#organization\"},\"potentialAction\":[{\"@type\":\"SearchAction\",\"target\":{\"@type\":\"EntryPoint\",\"urlTemplate\":\"https:\/\/schneblywinery.com\/bookings\/?s={search_term_string}\"},\"query-input\":{\"@type\":\"PropertyValueSpecification\",\"valueRequired\":true,\"valueName\":\"search_term_string\"}}],\"inLanguage\":\"en-US\"},{\"@type\":\"Organization\",\"@id\":\"https:\/\/schneblywinery.com\/bookings\/#organization\",\"name\":\"Schnebly Winery\",\"url\":\"https:\/\/schneblywinery.com\/bookings\/\",\"logo\":{\"@type\":\"ImageObject\",\"inLanguage\":\"en-US\",\"@id\":\"https:\/\/schneblywinery.com\/bookings\/#\/schema\/logo\/image\/\",\"url\":\"https:\/\/schneblywinery.com\/bookings\/wp-content\/uploads\/2021\/01\/topperlogos-1.png\",\"contentUrl\":\"https:\/\/schneblywinery.com\/bookings\/wp-content\/uploads\/2021\/01\/topperlogos-1.png\",\"width\":458,\"height\":217,\"caption\":\"Schnebly Winery\"},\"image\":{\"@id\":\"https:\/\/schneblywinery.com\/bookings\/#\/schema\/logo\/image\/\"}}]}<\/script>\n<!-- \/ Yoast SEO plugin. -->","yoast_head_json":{"title":"Wine Tasting Booking - Schnebly Winery Bookings","description":"A 30-45 minute walking tour of Schnebly Winery, where we take you through our beautiful estate, share the history on the family, and take you through the whole wine making process.","robots":{"index":"index","follow":"follow","max-snippet":"max-snippet:-1","max-image-preview":"max-image-preview:large","max-video-preview":"max-video-preview:-1"},"canonical":"https:\/\/schneblywinery.com\/bookings\/product\/wine-tasting-booking\/","og_locale":"en_US","og_type":"article","og_title":"Wine Tasting Booking - Schnebly Winery Bookings","og_description":"A 30-45 minute walking tour of Schnebly Winery, where we take you through our beautiful estate, share the history on the family, and take you through the whole wine making process.","og_url":"https:\/\/schneblywinery.com\/bookings\/product\/wine-tasting-booking\/","og_site_name":"Schnebly Winery Bookings","article_modified_time":"2026-03-09T13:45:38+00:00","og_image":[{"width":605,"height":620,"url":"https:\/\/schneblywinery.com\/bookings\/wp-content\/uploads\/2022\/07\/tourandtaste-1.jpg","type":"image\/jpeg"}],"twitter_card":"summary_large_image","twitter_misc":{"Est. reading time":"1 minute"},"schema":{"@context":"https:\/\/schema.org","@graph":[{"@type":"WebPage","@id":"https:\/\/schneblywinery.com\/bookings\/product\/wine-tasting-booking\/","url":"https:\/\/schneblywinery.com\/bookings\/product\/wine-tasting-booking\/","name":"Wine Tasting Booking - Schnebly Winery Bookings","isPartOf":{"@id":"https:\/\/schneblywinery.com\/bookings\/#website"},"primaryImageOfPage":{"@id":"https:\/\/schneblywinery.com\/bookings\/product\/wine-tasting-booking\/#primaryimage"},"image":{"@id":"https:\/\/schneblywinery.com\/bookings\/product\/wine-tasting-booking\/#primaryimage"},"thumbnailUrl":"https:\/\/schneblywinery.com\/bookings\/wp-content\/uploads\/2022\/07\/tourandtaste-1.jpg","datePublished":"2024-02-21T14:30:03+00:00","dateModified":"2026-03-09T13:45:38+00:00","description":"A 30-45 minute walking tour of Schnebly Winery, where we take you through our beautiful estate, share the history on the family, and take you through the whole wine making process.","breadcrumb":{"@id":"https:\/\/schneblywinery.com\/bookings\/product\/wine-tasting-booking\/#breadcrumb"},"inLanguage":"en-US","potentialAction":[{"@type":"ReadAction","target":["https:\/\/schneblywinery.com\/bookings\/product\/wine-tasting-booking\/"]}]},{"@type":"ImageObject","inLanguage":"en-US","@id":"https:\/\/schneblywinery.com\/bookings\/product\/wine-tasting-booking\/#primaryimage","url":"https:\/\/schneblywinery.com\/bookings\/wp-content\/uploads\/2022\/07\/tourandtaste-1.jpg","contentUrl":"https:\/\/schneblywinery.com\/bookings\/wp-content\/uploads\/2022\/07\/tourandtaste-1.jpg","width":605,"height":620},{"@type":"BreadcrumbList","@id":"https:\/\/schneblywinery.com\/bookings\/product\/wine-tasting-booking\/#breadcrumb","itemListElement":[{"@type":"ListItem","position":1,"name":"Home","item":"https:\/\/schneblywinery.com\/bookings\/"},{"@type":"ListItem","position":2,"name":"Shop","item":"https:\/\/schneblywinery.com\/bookings\/shop\/"},{"@type":"ListItem","position":3,"name":"Wine Tasting Booking"}]},{"@type":"WebSite","@id":"https:\/\/schneblywinery.com\/bookings\/#website","url":"https:\/\/schneblywinery.com\/bookings\/","name":"Schnebly Winery Bookings","description":"","publisher":{"@id":"https:\/\/schneblywinery.com\/bookings\/#organization"},"potentialAction":[{"@type":"SearchAction","target":{"@type":"EntryPoint","urlTemplate":"https:\/\/schneblywinery.com\/bookings\/?s={search_term_string}"},"query-input":{"@type":"PropertyValueSpecification","valueRequired":true,"valueName":"search_term_string"}}],"inLanguage":"en-US"},{"@type":"Organization","@id":"https:\/\/schneblywinery.com\/bookings\/#organization","name":"Schnebly Winery","url":"https:\/\/schneblywinery.com\/bookings\/","logo":{"@type":"ImageObject","inLanguage":"en-US","@id":"https:\/\/schneblywinery.com\/bookings\/#\/schema\/logo\/image\/","url":"https:\/\/schneblywinery.com\/bookings\/wp-content\/uploads\/2021\/01\/topperlogos-1.png","contentUrl":"https:\/\/schneblywinery.com\/bookings\/wp-content\/uploads\/2021\/01\/topperlogos-1.png","width":458,"height":217,"caption":"Schnebly Winery"},"image":{"@id":"https:\/\/schneblywinery.com\/bookings\/#\/schema\/logo\/image\/"}}]}},"_links":{"self":[{"href":"https:\/\/schneblywinery.com\/bookings\/wp-json\/wp\/v2\/product\/820515","targetHints":{"allow":["GET"]}}],"collection":[{"href":"https:\/\/schneblywinery.com\/bookings\/wp-json\/wp\/v2\/product"}],"about":[{"href":"https:\/\/schneblywinery.com\/bookings\/wp-json\/wp\/v2\/types\/product"}],"replies":[{"embeddable":true,"href":"https:\/\/schneblywinery.com\/bookings\/wp-json\/wp\/v2\/comments?post=820515"}],"version-history":[{"count":5,"href":"https:\/\/schneblywinery.com\/bookings\/wp-json\/wp\/v2\/product\/820515\/revisions"}],"predecessor-version":[{"id":823520,"href":"https:\/\/schneblywinery.com\/bookings\/wp-json\/wp\/v2\/product\/820515\/revisions\/823520"}],"wp:featuredmedia":[{"embeddable":true,"href":"https:\/\/schneblywinery.com\/bookings\/wp-json\/wp\/v2\/media\/797339"}],"wp:attachment":[{"href":"https:\/\/schneblywinery.com\/bookings\/wp-json\/wp\/v2\/media?parent=820515"}],"wp:term":[{"taxonomy":"product_brand","embeddable":true,"href":"https:\/\/schneblywinery.com\/bookings\/wp-json\/wp\/v2\/product_brand?post=820515"},{"taxonomy":"product_cat","embeddable":true,"href":"https:\/\/schneblywinery.com\/bookings\/wp-json\/wp\/v2\/product_cat?post=820515"},{"taxonomy":"product_tag","embeddable":true,"href":"https:\/\/schneblywinery.com\/bookings\/wp-json\/wp\/v2\/product_tag?post=820515"}],"curies":[{"name":"wp","href":"https:\/\/api.w.org\/{rel}","templated":true}]}}